{"id":725,"date":"2016-09-10T16:23:38","date_gmt":"2016-09-10T14:23:38","guid":{"rendered":"http:\/\/www.wicherngemeinde-frankfurt.de\/?page_id=725"},"modified":"2018-05-29T16:38:35","modified_gmt":"2018-05-29T14:38:35","slug":"vermietungsanfrage","status":"publish","type":"page","link":"http:\/\/www.wicherngemeinde-frankfurt.de\/?page_id=725","title":{"rendered":"Vermietungsanfrage"},"content":{"rendered":"<div role=\"form\" class=\"wpcf7\" id=\"wpcf7-f628-o1\" lang=\"de-DE\" dir=\"ltr\">\n<div class=\"screen-reader-response\" aria-live=\"polite\"><\/div>\n<form action=\"\/index.php?rest_route=%2Fwp%2Fv2%2Fpages%2F725#wpcf7-f628-o1\" method=\"post\" class=\"wpcf7-form\" novalidate=\"novalidate\">\n<div style=\"display: none;\">\n<input type=\"hidden\" name=\"_wpcf7\" value=\"628\" \/>\n<input type=\"hidden\" name=\"_wpcf7_version\" value=\"5.1.9\" \/>\n<input type=\"hidden\" name=\"_wpcf7_locale\" value=\"de_DE_formal\" \/>\n<input type=\"hidden\" name=\"_wpcf7_unit_tag\" value=\"wpcf7-f628-o1\" \/>\n<input type=\"hidden\" name=\"_wpcf7_container_post\" value=\"0\" \/>\n<\/div>\n<p>Die Gemeinde vermietet gegen eine Nutzungsgeb\u00fchr verschiedene Gemeinder\u00e4ume.<br \/>\nWenn Sie Interesse haben, f\u00fcllen Sie bitte die nachstehenden Felder aus und lassen Sie uns eine Nachricht zukommen.<\/p>\n<p><b>\u00dcber die Vermietung des Wichern-Kirchsaals muss der Kirchenvorstand entscheiden.<\/b><\/p>\n<p>Ihr Name (Pflichtfeld)<br \/>\n    <span class=\"wpcf7-form-control-wrap your-name\"><input type=\"text\" name=\"your-name\" value=\"\" size=\"40\" class=\"wpcf7-form-control wpcf7-text wpcf7-validates-as-required\" aria-required=\"true\" aria-invalid=\"false\" \/><\/span> <\/p>\n<p>Ihre Adresse (Pflichtfeld)<br \/>\n    <span class=\"wpcf7-form-control-wrap adress\"><input type=\"text\" name=\"adress\" value=\"\" size=\"40\" class=\"wpcf7-form-control wpcf7-text wpcf7-validates-as-required\" aria-required=\"true\" aria-invalid=\"false\" \/><\/span> <\/p>\n<p>Ihre Telefonnummer (Pflichtfeld)<br \/>\n    <span class=\"wpcf7-form-control-wrap number\"><input type=\"number\" name=\"number\" value=\"\" class=\"wpcf7-form-control wpcf7-number wpcf7-validates-as-required wpcf7-validates-as-number\" aria-required=\"true\" aria-invalid=\"false\" \/><\/span> <\/p>\n<p>Ihre E-Mail-Adresse (Pflichtfeld)<br \/>\n    <span class=\"wpcf7-form-control-wrap your-email\"><input type=\"email\" name=\"your-email\" value=\"\" size=\"40\" class=\"wpcf7-form-control wpcf7-text wpcf7-email wpcf7-validates-as-required wpcf7-validates-as-email\" aria-required=\"true\" aria-invalid=\"false\" \/><\/span> <\/p>\n<p>Nutzungszweck \/ Art der Veranstaltung<br \/>\n    <span class=\"wpcf7-form-control-wrap your-subject\"><input type=\"text\" name=\"your-subject\" value=\"\" size=\"40\" class=\"wpcf7-form-control wpcf7-text\" aria-invalid=\"false\" \/><\/span> <\/p>\n<p>bitte w\u00e4hlen<br \/>\n<span class=\"wpcf7-form-control-wrap your-country\"><span class=\"wpcf7-form-control wpcf7-checkbox wpcf7-validates-as-required\"><span class=\"wpcf7-list-item first\"><label><input type=\"checkbox\" name=\"your-country[]\" value=\"Kirchsaal\" \/><span class=\"wpcf7-list-item-label\">Kirchsaal<\/span><\/label><\/span><span class=\"wpcf7-list-item\"><label><input type=\"checkbox\" name=\"your-country[]\" value=\"Bibliothek\" \/><span class=\"wpcf7-list-item-label\">Bibliothek<\/span><\/label><\/span><span class=\"wpcf7-list-item\"><label><input type=\"checkbox\" name=\"your-country[]\" value=\"Oase\" \/><span class=\"wpcf7-list-item-label\">Oase<\/span><\/label><\/span><span class=\"wpcf7-list-item last\"><label><input type=\"checkbox\" name=\"your-country[]\" value=\"K\u00fcche\" \/><span class=\"wpcf7-list-item-label\">K\u00fcche<\/span><\/label><\/span><\/span><\/span><\/p>\n<p>Datum<br \/>\n<span class=\"wpcf7-form-control-wrap Datum\"><input type=\"date\" name=\"Datum\" value=\"\" class=\"wpcf7-form-control wpcf7-date wpcf7-validates-as-required wpcf7-validates-as-date\" aria-required=\"true\" aria-invalid=\"false\" \/><\/span><\/p>\n<p>Uhrzeit von<br \/>\n    <span class=\"wpcf7-form-control-wrap your-subject-1\"><input type=\"text\" name=\"your-subject-1\" value=\"\" size=\"40\" class=\"wpcf7-form-control wpcf7-text\" aria-invalid=\"false\" \/><\/span>Uhr<\/p>\n<p>Uhrzeit bis<br \/>\n    <span class=\"wpcf7-form-control-wrap your-subject-2\"><input type=\"text\" name=\"your-subject-2\" value=\"\" size=\"40\" class=\"wpcf7-form-control wpcf7-text\" aria-invalid=\"false\" \/><\/span>Uhr <\/p>\n<p>Nachricht<br \/>\n    <span class=\"wpcf7-form-control-wrap Nachricht\"><textarea name=\"Nachricht\" cols=\"40\" rows=\"10\" class=\"wpcf7-form-control wpcf7-textarea\" aria-invalid=\"false\"><\/textarea><\/span><\/p>\n<p><b>Wichtig: Vermietungen nur bis 22:00 Uhr<\/b><\/p>\n<p><b>--------------------------------------------------------------<\/b><\/p>\n<p><b>Preise    \/    bis 5 Stunden  \/   ab 5 Stunden<\/b><\/p>\n<p>Wichern-Kirchsaal  \/   180 \u20ac          \/   275 \u20ac<\/p>\n<p>Bibliothek P\u00fctzerstra\u00dfe \/ 40 \u20ac \/ \/ 70 \u20ac<\/p>\n<p>Oase P\u00fctzerstra\u00dfe \/ 25 \u20ac \/ 35 \u20ac<\/p>\n<p>K\u00fcche P\u00fctzerstra\u00dfe \/ 25 \u20ac \/ 30 \u20ac<\/p>\n<p>Datenschutzerkl\u00e4rung (ben\u00f6tigt)<br \/>\nJa, ich habe die Datenschutzerkl\u00e4rung zur Kenntnis genommen und bin damit einverstanden, dass die von mir angegebenen Daten elektronisch erhoben und gespeichert werden. Mein Einverst\u00e4ndnis kann ich jederzeit widerrufen. Meine Daten werden dabei nur streng zweckgebunden einmalig zur Bearbeitung und Beantwortung meiner Anfrage benutzt.<br \/>\n    <span class=\"wpcf7-form-control-wrap datenschutz\"><span class=\"wpcf7-form-control wpcf7-checkbox wpcf7-validates-as-required\"><span class=\"wpcf7-list-item first last\"><input type=\"checkbox\" name=\"datenschutz[]\" value=\"Einverstanden\" \/><span class=\"wpcf7-list-item-label\">Einverstanden<\/span><\/span><\/span><\/span><\/p>\n<p><input type=\"submit\" value=\"Senden\" class=\"wpcf7-form-control wpcf7-submit\" \/><\/p>\n<div class=\"wpcf7-response-output wpcf7-display-none\" aria-hidden=\"true\"><\/div><\/form><\/div>\n","protected":false},"excerpt":{"rendered":"","protected":false},"author":8,"featured_media":0,"parent":66,"menu_order":0,"comment_status":"closed","ping_status":"closed","template":"","meta":[],"_links":{"self":[{"href":"http:\/\/www.wicherngemeinde-frankfurt.de\/index.php?rest_route=\/wp\/v2\/pages\/725"}],"collection":[{"href":"http:\/\/www.wicherngemeinde-frankfurt.de\/index.php?rest_route=\/wp\/v2\/pages"}],"about":[{"href":"http:\/\/www.wicherngemeinde-frankfurt.de\/index.php?rest_route=\/wp\/v2\/types\/page"}],"author":[{"embeddable":true,"href":"http:\/\/www.wicherngemeinde-frankfurt.de\/index.php?rest_route=\/wp\/v2\/users\/8"}],"replies":[{"embeddable":true,"href":"http:\/\/www.wicherngemeinde-frankfurt.de\/index.php?rest_route=%2Fwp%2Fv2%2Fcomments&post=725"}],"version-history":[{"count":1,"href":"http:\/\/www.wicherngemeinde-frankfurt.de\/index.php?rest_route=\/wp\/v2\/pages\/725\/revisions"}],"predecessor-version":[{"id":728,"href":"http:\/\/www.wicherngemeinde-frankfurt.de\/index.php?rest_route=\/wp\/v2\/pages\/725\/revisions\/728"}],"up":[{"embeddable":true,"href":"http:\/\/www.wicherngemeinde-frankfurt.de\/index.php?rest_route=\/wp\/v2\/pages\/66"}],"wp:attachment":[{"href":"http:\/\/www.wicherngemeinde-frankfurt.de\/index.php?rest_route=%2Fwp%2Fv2%2Fmedia&parent=725"}],"curies":[{"name":"wp","href":"https:\/\/api.w.org\/{rel}","templated":true}]}}