{"id":197,"date":"2016-01-05T19:02:44","date_gmt":"2016-01-05T18:02:44","guid":{"rendered":"http:\/\/wichern.my-router.de\/wordpress\/?page_id=197"},"modified":"2020-01-04T06:37:36","modified_gmt":"2020-01-04T05:37:36","slug":"test","status":"publish","type":"page","link":"http:\/\/www.wicherngemeinde-frankfurt.de\/","title":{"rendered":"Willkommen"},"content":{"rendered":"<h2>Am 1. Januar 2020 fusionierte die Wicherngemeinde mit den Gemeinden Hausen und Auferstehung zur neuen Lydiagemeinde.<\/h2>\n<p>Bitte besuchen Sie die neue Webseite der Lydiagemeinde:<\/p>\n<h2><a href=\"https:\/\/lydiagemeinde.ekhn.de\/startseite.html\">www.lydiagemeinde.de\u00a0<\/a><\/h2>\n<p>Einige wenige Inhalte sind auf der neuen Webseite noch nicht realisiert.<br \/>\nSie sind noch f\u00fcr eine begrenzte Zeit hier \u00fcber das Men\u00fc verf\u00fcgbar.<\/p>\n","protected":false},"excerpt":{"rendered":"<p>Am 1. Januar 2020 fusionierte die Wicherngemeinde mit den Gemeinden Hausen und Auferstehung zur neuen Lydiagemeinde. Bitte besuchen Sie die neue Webseite der Lydiagemeinde: www.lydiagemeinde.de\u00a0 Einige wenige Inhalte sind auf der neuen Webseite noch nicht realisiert. Sie sind noch f\u00fcr eine begrenzte Zeit hier \u00fcber das Men\u00fc verf\u00fcgbar.<\/p>\n","protected":false},"author":1,"featured_media":0,"parent":0,"menu_order":0,"comment_status":"closed","ping_status":"closed","template":"","meta":[],"_links":{"self":[{"href":"http:\/\/www.wicherngemeinde-frankfurt.de\/index.php?rest_route=\/wp\/v2\/pages\/197"}],"collection":[{"href":"http:\/\/www.wicherngemeinde-frankfurt.de\/index.php?rest_route=\/wp\/v2\/pages"}],"about":[{"href":"http:\/\/www.wicherngemeinde-frankfurt.de\/index.php?rest_route=\/wp\/v2\/types\/page"}],"author":[{"embeddable":true,"href":"http:\/\/www.wicherngemeinde-frankfurt.de\/index.php?rest_route=\/wp\/v2\/users\/1"}],"replies":[{"embeddable":true,"href":"http:\/\/www.wicherngemeinde-frankfurt.de\/index.php?rest_route=%2Fwp%2Fv2%2Fcomments&post=197"}],"version-history":[{"count":22,"href":"http:\/\/www.wicherngemeinde-frankfurt.de\/index.php?rest_route=\/wp\/v2\/pages\/197\/revisions"}],"predecessor-version":[{"id":2385,"href":"http:\/\/www.wicherngemeinde-frankfurt.de\/index.php?rest_route=\/wp\/v2\/pages\/197\/revisions\/2385"}],"wp:attachment":[{"href":"http:\/\/www.wicherngemeinde-frankfurt.de\/index.php?rest_route=%2Fwp%2Fv2%2Fmedia&parent=197"}],"curies":[{"name":"wp","href":"https:\/\/api.w.org\/{rel}","templated":true}]}}